{"id":2,"date":"2007-10-18T21:46:15","date_gmt":"2007-10-18T19:46:15","guid":{"rendered":""},"modified":"2007-10-20T14:23:29","modified_gmt":"2007-10-20T12:23:29","slug":"about","status":"publish","type":"page","link":"https:\/\/www.xn--miljbil-d1a.info\/blogg\/about\/","title":{"rendered":"Om milj\u00f6bil.info bloggen"},"content":{"rendered":"<p>Den h\u00e4r bloggen anv\u00e4nds f\u00f6r att v\u00e4dra \u00e5sikter kopplade till nyheter och dagsl\u00e4get inom omr\u00e5det milj\u00f6bilar. N\u00e4r vi sitter och skapar milj\u00f6bil.info s\u00e5 ska det vara en saklig sida, men som m\u00e4nniskor s\u00e5 \u00e4r det sv\u00e5rt att h\u00e5lla oss ifr\u00e5n att tycka en massa. D\u00e4rf\u00f6r kommer vi ge utlopp f\u00f6r v\u00e5ra \u00e5sikter och k\u00e4nslor p\u00e5 omr\u00e5det h\u00e4r. V\u00e5r f\u00f6rhoppning \u00e4r att ge er en milj\u00f6bilssida v\u00e4rd namnet genom det.<\/p>\n","protected":false},"excerpt":{"rendered":"<p>Den h\u00e4r bloggen anv\u00e4nds f\u00f6r att v\u00e4dra \u00e5sikter kopplade till nyheter och dagsl\u00e4get inom omr\u00e5det milj\u00f6bilar. N\u00e4r vi sitter och skapar milj\u00f6bil.info s\u00e5 ska det vara en saklig sida, men som m\u00e4nniskor s\u00e5 \u00e4r det sv\u00e5rt att h\u00e5lla oss ifr\u00e5n &hellip; <a href=\"https:\/\/www.xn--miljbil-d1a.info\/blogg\/about\/\">Forts\u00e4tt l\u00e4sa <span class=\"meta-nav\">&rarr;<\/span><\/a><\/p>\n","protected":false},"author":1,"featured_media":0,"parent":0,"menu_order":0,"comment_status":"open","ping_status":"open","template":"","meta":{"footnotes":""},"yoast_head":"<!-- This site is optimized with the Yoast SEO plugin v21.1 - https:\/\/yoast.com\/wordpress\/plugins\/seo\/ -->\n<title>Om milj\u00f6bil.info bloggen - Milj\u00f6bil&#039;s Bloggen<\/title>\n<meta name=\"robots\" content=\"index, follow, max-snippet:-1, max-image-preview:large, max-video-preview:-1\" \/>\n<link rel=\"canonical\" href=\"https:\/\/www.xn--miljbil-d1a.info\/blogg\/about\/\" \/>\n<meta property=\"og:locale\" content=\"sv_SE\" \/>\n<meta property=\"og:type\" content=\"article\" \/>\n<meta property=\"og:title\" content=\"Om milj\u00f6bil.info bloggen - Milj\u00f6bil&#039;s Bloggen\" \/>\n<meta property=\"og:description\" content=\"Den h\u00e4r bloggen anv\u00e4nds f\u00f6r att v\u00e4dra \u00e5sikter kopplade till nyheter och dagsl\u00e4get inom omr\u00e5det milj\u00f6bilar. N\u00e4r vi sitter och skapar milj\u00f6bil.info s\u00e5 ska det vara en saklig sida, men som m\u00e4nniskor s\u00e5 \u00e4r det sv\u00e5rt att h\u00e5lla oss ifr\u00e5n &hellip; Forts\u00e4tt l\u00e4sa &rarr;\" \/>\n<meta property=\"og:url\" content=\"https:\/\/www.xn--miljbil-d1a.info\/blogg\/about\/\" \/>\n<meta property=\"og:site_name\" content=\"Milj\u00f6bil&#039;s Bloggen\" \/>\n<meta property=\"article:modified_time\" content=\"2007-10-20T12:23:29+00:00\" \/>\n<script type=\"application\/ld+json\" class=\"yoast-schema-graph\">{\"@context\":\"https:\/\/schema.org\",\"@graph\":[{\"@type\":\"WebPage\",\"@id\":\"https:\/\/www.xn--miljbil-d1a.info\/blogg\/about\/\",\"url\":\"https:\/\/www.xn--miljbil-d1a.info\/blogg\/about\/\",\"name\":\"Om milj\u00f6bil.info bloggen - Milj\u00f6bil's Bloggen\",\"isPartOf\":{\"@id\":\"https:\/\/www.xn--miljbil-d1a.info\/blogg\/#website\"},\"datePublished\":\"2007-10-18T19:46:15+00:00\",\"dateModified\":\"2007-10-20T12:23:29+00:00\",\"breadcrumb\":{\"@id\":\"https:\/\/www.xn--miljbil-d1a.info\/blogg\/about\/#breadcrumb\"},\"inLanguage\":\"sv-SE\",\"potentialAction\":[{\"@type\":\"ReadAction\",\"target\":[\"https:\/\/www.xn--miljbil-d1a.info\/blogg\/about\/\"]}]},{\"@type\":\"BreadcrumbList\",\"@id\":\"https:\/\/www.xn--miljbil-d1a.info\/blogg\/about\/#breadcrumb\",\"itemListElement\":[{\"@type\":\"ListItem\",\"position\":1,\"name\":\"Hem\",\"item\":\"https:\/\/www.xn--miljbil-d1a.info\/blogg\/\"},{\"@type\":\"ListItem\",\"position\":2,\"name\":\"Om milj\u00f6bil.info bloggen\"}]},{\"@type\":\"WebSite\",\"@id\":\"https:\/\/www.xn--miljbil-d1a.info\/blogg\/#website\",\"url\":\"https:\/\/www.xn--miljbil-d1a.info\/blogg\/\",\"name\":\"Milj\u00f6bil's Bloggen\",\"description\":\"K\u00f6r milj\u00f6v\u00e4nligt och ta hand om varandra i trafiken.\",\"potentialAction\":[{\"@type\":\"SearchAction\",\"target\":{\"@type\":\"EntryPoint\",\"urlTemplate\":\"https:\/\/www.xn--miljbil-d1a.info\/blogg\/?s={search_term_string}\"},\"query-input\":\"required name=search_term_string\"}],\"inLanguage\":\"sv-SE\"}]}<\/script>\n<!-- \/ Yoast SEO plugin. -->","yoast_head_json":{"title":"Om milj\u00f6bil.info bloggen - Milj\u00f6bil's Bloggen","robots":{"index":"index","follow":"follow","max-snippet":"max-snippet:-1","max-image-preview":"max-image-preview:large","max-video-preview":"max-video-preview:-1"},"canonical":"https:\/\/www.xn--miljbil-d1a.info\/blogg\/about\/","og_locale":"sv_SE","og_type":"article","og_title":"Om milj\u00f6bil.info bloggen - Milj\u00f6bil's Bloggen","og_description":"Den h\u00e4r bloggen anv\u00e4nds f\u00f6r att v\u00e4dra \u00e5sikter kopplade till nyheter och dagsl\u00e4get inom omr\u00e5det milj\u00f6bilar. N\u00e4r vi sitter och skapar milj\u00f6bil.info s\u00e5 ska det vara en saklig sida, men som m\u00e4nniskor s\u00e5 \u00e4r det sv\u00e5rt att h\u00e5lla oss ifr\u00e5n &hellip; Forts\u00e4tt l\u00e4sa &rarr;","og_url":"https:\/\/www.xn--miljbil-d1a.info\/blogg\/about\/","og_site_name":"Milj\u00f6bil's Bloggen","article_modified_time":"2007-10-20T12:23:29+00:00","schema":{"@context":"https:\/\/schema.org","@graph":[{"@type":"WebPage","@id":"https:\/\/www.xn--miljbil-d1a.info\/blogg\/about\/","url":"https:\/\/www.xn--miljbil-d1a.info\/blogg\/about\/","name":"Om milj\u00f6bil.info bloggen - Milj\u00f6bil's Bloggen","isPartOf":{"@id":"https:\/\/www.xn--miljbil-d1a.info\/blogg\/#website"},"datePublished":"2007-10-18T19:46:15+00:00","dateModified":"2007-10-20T12:23:29+00:00","breadcrumb":{"@id":"https:\/\/www.xn--miljbil-d1a.info\/blogg\/about\/#breadcrumb"},"inLanguage":"sv-SE","potentialAction":[{"@type":"ReadAction","target":["https:\/\/www.xn--miljbil-d1a.info\/blogg\/about\/"]}]},{"@type":"BreadcrumbList","@id":"https:\/\/www.xn--miljbil-d1a.info\/blogg\/about\/#breadcrumb","itemListElement":[{"@type":"ListItem","position":1,"name":"Hem","item":"https:\/\/www.xn--miljbil-d1a.info\/blogg\/"},{"@type":"ListItem","position":2,"name":"Om milj\u00f6bil.info bloggen"}]},{"@type":"WebSite","@id":"https:\/\/www.xn--miljbil-d1a.info\/blogg\/#website","url":"https:\/\/www.xn--miljbil-d1a.info\/blogg\/","name":"Milj\u00f6bil's Bloggen","description":"K\u00f6r milj\u00f6v\u00e4nligt och ta hand om varandra i trafiken.","potentialAction":[{"@type":"SearchAction","target":{"@type":"EntryPoint","urlTemplate":"https:\/\/www.xn--miljbil-d1a.info\/blogg\/?s={search_term_string}"},"query-input":"required name=search_term_string"}],"inLanguage":"sv-SE"}]}},"_links":{"self":[{"href":"https:\/\/www.xn--miljbil-d1a.info\/blogg\/wp-json\/wp\/v2\/pages\/2"}],"collection":[{"href":"https:\/\/www.xn--miljbil-d1a.info\/blogg\/wp-json\/wp\/v2\/pages"}],"about":[{"href":"https:\/\/www.xn--miljbil-d1a.info\/blogg\/wp-json\/wp\/v2\/types\/page"}],"author":[{"embeddable":true,"href":"https:\/\/www.xn--miljbil-d1a.info\/blogg\/wp-json\/wp\/v2\/users\/1"}],"replies":[{"embeddable":true,"href":"https:\/\/www.xn--miljbil-d1a.info\/blogg\/wp-json\/wp\/v2\/comments?post=2"}],"version-history":[{"count":0,"href":"https:\/\/www.xn--miljbil-d1a.info\/blogg\/wp-json\/wp\/v2\/pages\/2\/revisions"}],"wp:attachment":[{"href":"https:\/\/www.xn--miljbil-d1a.info\/blogg\/wp-json\/wp\/v2\/media?parent=2"}],"curies":[{"name":"wp","href":"https:\/\/api.w.org\/{rel}","templated":true}]}}